{"id":23,"date":"2015-01-18T22:59:11","date_gmt":"2015-01-18T21:59:11","guid":{"rendered":"https:\/\/nice-yonath.85-215-44-47.plesk.page\/?page_id=23"},"modified":"2025-06-18T15:00:00","modified_gmt":"2025-06-18T13:00:00","slug":"hem","status":"publish","type":"page","link":"https:\/\/autoservice1.se\/","title":{"rendered":"Hem"},"content":{"rendered":"<p>V\u00e4lkommen till oss:<\/p>\n<h5 class=\"no-bottom-margin\" style=\"text-align: center;\"><strong>H\u00e4r kan du serva, laga och f\u00e5 tips och r\u00e5d g\u00e4llande din bil. Allt fr\u00e5n att byta bilbatteri, bromsar och avgassystem till avancerad fels\u00f6kning. V\u00e4lkommen till \u00a0Autoservice Ettan bilverkstad,\u00a0mitt i B\u00e5lsta utf\u00f6r vi alla typer av bilservice och reparationer p\u00e5 alla bilm\u00e4rken.<\/strong><\/h5>\n<h3><span style=\"color: #993300;\"><strong>\u00d6PPETTIDER :<br \/>\nVardagar\u00a0 :\u00a0 <span style=\"color: #000000;\">07:30 &#8211; 17:00\u00a0<\/span><br \/>\nL\u00f6r : <span style=\"color: #000000;\">10:00 &#8211; 16:00 (Endast d\u00e4ck sesong)<\/span><br \/>\n<\/strong><\/span><span style=\"color: #993300;\"><strong>S\u00f6n: <span style=\"color: #000000;\">St\u00e4ngt\u00a0<\/span><br \/>\nLunch st\u00e4ngt : <span style=\"color: #000000;\">12:30 &#8211; 13:00\u00a0<\/span><\/strong><\/span><\/h3>\n<p>Boka nu!<\/p>\n<p style=\"text-align: center;\"><iframe loading=\"lazy\" src=\"https:\/\/player.vimeo.com\/video\/92773687\" width=\"800\" height=\"450\" frameborder=\"0\" allowfullscreen=\"allowfullscreen\"><\/iframe><\/p>\n","protected":false},"excerpt":{"rendered":"<p>V\u00e4lkommen till oss: H\u00e4r kan du serva, laga och f\u00e5 tips och r\u00e5d g\u00e4llande din bil. Allt fr\u00e5n att byta&hellip;<\/p>\n","protected":false},"author":1,"featured_media":0,"parent":0,"menu_order":0,"comment_status":"closed","ping_status":"closed","template":"","meta":{"footnotes":""},"class_list":["post-23","page","type-page","status-publish","hentry"],"_links":{"self":[{"href":"https:\/\/autoservice1.se\/index.php?rest_route=\/wp\/v2\/pages\/23","targetHints":{"allow":["GET"]}}],"collection":[{"href":"https:\/\/autoservice1.se\/index.php?rest_route=\/wp\/v2\/pages"}],"about":[{"href":"https:\/\/autoservice1.se\/index.php?rest_route=\/wp\/v2\/types\/page"}],"author":[{"embeddable":true,"href":"https:\/\/autoservice1.se\/index.php?rest_route=\/wp\/v2\/users\/1"}],"replies":[{"embeddable":true,"href":"https:\/\/autoservice1.se\/index.php?rest_route=%2Fwp%2Fv2%2Fcomments&post=23"}],"version-history":[{"count":19,"href":"https:\/\/autoservice1.se\/index.php?rest_route=\/wp\/v2\/pages\/23\/revisions"}],"predecessor-version":[{"id":214,"href":"https:\/\/autoservice1.se\/index.php?rest_route=\/wp\/v2\/pages\/23\/revisions\/214"}],"wp:attachment":[{"href":"https:\/\/autoservice1.se\/index.php?rest_route=%2Fwp%2Fv2%2Fmedia&parent=23"}],"curies":[{"name":"wp","href":"https:\/\/api.w.org\/{rel}","templated":true}]}}