{"id":2,"date":"2014-12-05T15:45:53","date_gmt":"2014-12-05T15:45:53","guid":{"rendered":"https:\/\/nice-yonath.85-215-44-47.plesk.page\/?page_id=2"},"modified":"2024-06-05T13:14:10","modified_gmt":"2024-06-05T11:14:10","slug":"bilverkstad","status":"publish","type":"page","link":"https:\/\/autoservice1.se\/?page_id=2","title":{"rendered":"Bilverkstad"},"content":{"rendered":"<div id=\"content\">\n<div id=\"content-left\">\n<h5 class=\"no-bottom-margin\"><strong>H\u00e4r kan du serva, laga och f\u00e5 tips och r\u00e5d g\u00e4llande din bil. Allt fr\u00e5n att byta bilbatteri, bromsar och avgassystem till avancerad fels\u00f6kning. V\u00e4lkommen till \u00a0Autoservice Ettan bilverkstad,\u00a0mitt i B\u00e5lsta utf\u00f6r vi alla typer av bilservice och reparationer p\u00e5 alla bilm\u00e4rken.<\/strong><\/h5>\n<ul>\n<li>Kamremsbyten<\/li>\n<li>L\u00e4ser felkoder, reparerar felet, raderar felkoder<\/li>\n<li>Sl\u00e4cker serviceindikeringar i samband med service<\/li>\n<li>Bromsar<\/li>\n<li>Avgassystem<\/li>\n<li>Kopplingar<\/li>\n<li>Topplocksrenoveringar<\/li>\n<li>Generatorer<\/li>\n<li>Startmotorer<\/li>\n<\/ul>\n<p class=\"no-bottom-margin\"><strong>Vi har Snabbservice p\u00e5:<\/strong><\/p>\n<ul>\n<li>Bromsar<\/li>\n<li>Avgassystem<\/li>\n<li>D\u00e4ckbyte Montering och Blansering<\/li>\n<li>Byte av lampor<\/li>\n<\/ul>\n<\/div>\n<\/div>\n","protected":false},"excerpt":{"rendered":"<p>H\u00e4r kan du serva, laga och f\u00e5 tips och r\u00e5d g\u00e4llande din bil. Allt fr\u00e5n att byta bilbatteri, bromsar och&hellip;<\/p>\n","protected":false},"author":1,"featured_media":0,"parent":0,"menu_order":0,"comment_status":"closed","ping_status":"closed","template":"","meta":{"footnotes":""},"class_list":["post-2","page","type-page","status-publish","hentry"],"_links":{"self":[{"href":"https:\/\/autoservice1.se\/index.php?rest_route=\/wp\/v2\/pages\/2","targetHints":{"allow":["GET"]}}],"collection":[{"href":"https:\/\/autoservice1.se\/index.php?rest_route=\/wp\/v2\/pages"}],"about":[{"href":"https:\/\/autoservice1.se\/index.php?rest_route=\/wp\/v2\/types\/page"}],"author":[{"embeddable":true,"href":"https:\/\/autoservice1.se\/index.php?rest_route=\/wp\/v2\/users\/1"}],"replies":[{"embeddable":true,"href":"https:\/\/autoservice1.se\/index.php?rest_route=%2Fwp%2Fv2%2Fcomments&post=2"}],"version-history":[{"count":8,"href":"https:\/\/autoservice1.se\/index.php?rest_route=\/wp\/v2\/pages\/2\/revisions"}],"predecessor-version":[{"id":206,"href":"https:\/\/autoservice1.se\/index.php?rest_route=\/wp\/v2\/pages\/2\/revisions\/206"}],"wp:attachment":[{"href":"https:\/\/autoservice1.se\/index.php?rest_route=%2Fwp%2Fv2%2Fmedia&parent=2"}],"curies":[{"name":"wp","href":"https:\/\/api.w.org\/{rel}","templated":true}]}}