{"id":19,"date":"2015-01-18T22:57:43","date_gmt":"2015-01-18T21:57:43","guid":{"rendered":"https:\/\/nice-yonath.85-215-44-47.plesk.page\/?page_id=19"},"modified":"2023-09-16T13:24:47","modified_gmt":"2023-09-16T11:24:47","slug":"dackservice","status":"publish","type":"page","link":"https:\/\/autoservice1.se\/?page_id=19","title":{"rendered":"D\u00e4ckservice"},"content":{"rendered":"\n<figure class=\"wp-block-image\"><a href=\"https:\/\/nice-yonath.85-215-44-47.plesk.page\/wp-content\/uploads\/2015\/01\/dack-falg.png\"><img loading=\"lazy\" decoding=\"async\" width=\"674\" height=\"294\" src=\"https:\/\/nice-yonath.85-215-44-47.plesk.page\/wp-content\/uploads\/2015\/01\/dack-falg.png\" alt=\"dack-falg\" class=\"wp-image-61\" srcset=\"https:\/\/autoservice1.se\/wp-content\/uploads\/2015\/01\/dack-falg.png 674w, https:\/\/autoservice1.se\/wp-content\/uploads\/2015\/01\/dack-falg-300x131.png 300w\" sizes=\"auto, (max-width: 674px) 100vw, 674px\" \/><\/a><\/figure>\n\n\n\n<h4 class=\"wp-block-heading\">Vi arbetar med all sorts d\u00e4ckservice f\u00f6r personbilar samt utf\u00f6r arbeten p\u00e5 verkstaden och ute p\u00e5 f\u00e4ltet.<\/h4>\n\n\n\n<p>+ D\u00e4ckbyte \u00a0 350 kr\/ 4st\u00a0 &#8211; Personbil<\/p>\n\n\n\n<p>+ D\u00e4ckbyte \u00a0 400 kr\/4st\u00a0 &#8211;\u00a0SUV <\/p>\n\n\n\n<p>+ Montering &amp; Balansering<\/p>\n\n\n\n<p>Pl\u00e5t F\u00e4lg \u00a0 13&#8242; &#8211; 14&#8242; \u00a0 150\u00a0kr \/st<br \/>Pl\u00e5t F\u00e4lg \u00a0 15&#8242; &#8211; 16&#8242; \u00a0 200\u00a0kr \/st<br \/>LM \u00a0F\u00e4lg \u00a0 15&#8242; &#8211; 16&#8242; \u00a0 250\u00a0kr \/st<br \/>LM \u00a0F\u00e4lg \u00a0 17&#8242; &#8211; 18&#8242; \u00a0 300 kr \/st<br \/>LM \u00a0F\u00e4lg \u00a0 19&#8242; &#8211; 20&#8242; \u00a0 400 \u00a0kr \/st<br \/>LM \u00a0F\u00e4lg \u00a0 21&#8242; &#8211; 22&#8242; \u00a0 Fr\u00e5ga<\/p>\n\n\n\n<p>Ny ventil : 25 kr\/st<\/p>\n\n\n\n<p class=\"has-vivid-red-color has-text-color\">(<strong><span style=\"color: #800000;\"> obs! montering och balansering priserna \u00e4r exklusive d\u00e4ck byte och tillkommer vid skiftning!<\/span><\/strong> )<\/p>\n\n\n\n<p>+ Punktering \u00a0300 kr \/ st<\/p>\n\n\n\n<p><strong>D\u00e4ckhotell &#8230;&#8230;&#8230;&#8230;&#8230;&#8230;&#8230;&#8230;&#8230;&#8230;&#8230;&#8230;&#8230;&#8230;&#8230;&#8230;<\/strong><\/p>\n\n\n\n<p>P\u00e5 Autoservice 1:an i B\u00e5lsta vill vi underl\u00e4tta f\u00f6r dig som kund att \u00e4ga en bil. Vi erbjuder d\u00e4rf\u00f6r en rad tj\u00e4nster som ska spara tid, arbete och utrymme. P\u00e5 Autoservice 1:an i B\u00e5lsta d\u00e4ckhotell tar vi hand om dina d\u00e4ck ordentligt. Under vistelsen f\u00f6rvaras d\u00e4cken svalt, tv\u00e4ttas, kontrolleras och skiftas s\u00e5 att de \u00e4r utvilade och redo f\u00f6r en ny s\u00e4song p\u00e5 v\u00e4garna.<\/p>\n\n\n\n<p>Checka in dina d\u00e4ck p\u00e5 Autoservice 1:an i B\u00e5lsta d\u00e4ckhotell, s\u00e5 f\u00e5r de vila upp sig efter en hel s\u00e4song p\u00e5 v\u00e4garna. N\u00e4r de \u00e4r utvilade och redo f\u00f6r en ny s\u00e4song, sk\u00f6ter vi enkelt \u00e4ven hjulskiftet \u00e5t dig. Vi har tre olika alternativ att v\u00e4lja p\u00e5, Brons, Silver och Guld. Du v\u00e4ljer sj\u00e4lv om du vill v\u00e4nta under tiden vi byter dina hjul eller om du vill l\u00e4mna bilen och \u00e5terkomma p\u00e5 kv\u00e4llen.<\/p>\n\n\n\n<figure class=\"wp-block-table\"><table><tbody><tr><td> <p><strong><span style=\"color: #808080;\"><span style=\"color: #ffcc99;\">D\u00c4CK HOTEL<\/span>\u00a0<\/span> \u00a0Person bilar 1000:-\u00a0<\/strong><strong style=\"font-size: revert; font-family: inherit; color: initial;\">( <span style=\"color: #808080;\">SUV + L\u00e4ttlastbil<\/span> 1200:- )<\/strong><\/p><p><strong>\u2022 F\u00f6rvaring<br \/>\u2022 Skifte<br \/>\u2022 Statusrapport<br \/>\u2022 F\u00f6rs\u00e4kring<br \/><\/strong><\/p> <\/td><\/tr><\/tbody><\/table><\/figure>\n\n\n\n<p><strong>Obs! Priser g\u00e4ller f\u00f6r personbilsd\u00e4ck upp till&nbsp; 18tum.<\/strong><br \/>F\u00f6r SUV, l\u00e4tt lastbil, husbil eller sk\u00e5pbil tillkommer en varierande kompletteringsavgift.<\/p>\n\n\n\n<p><strong>Tv\u00e4tt och reng\u00f6ring<\/strong><br \/>Vi reng\u00f6r effektivt dina d\u00e4ck och f\u00e4lgar: Det \u00e4r viktigt f\u00f6r d\u00e4ckens h\u00e5llbarhet och livsl\u00e4ngd att de h\u00e5lls rena fr\u00e5n smuts och l\u00f6sningsmedel. Smutsen avl\u00e4gsnas effektivt i v\u00e5r milj\u00f6v\u00e4nliga d\u00e4cktv\u00e4tt.<\/p>\n\n\n\n<p><strong>Hjulskifte<\/strong><br \/>N\u00e4r det \u00e4r dags att byta till vinter- eller sommard\u00e4ck bokar du tid hos Autoservice 1:an d\u00e4r vi utf\u00f6r skiftet.<\/p>\n\n\n\n<p><strong>Kontroll av d\u00e4ck och lufttryck<\/strong><br \/>Vid varje skifte kontrollerar v\u00e5ra kunniga tekniker d\u00e4ckens lufttryck och kondition. Om d\u00e4cken \u00e4r utslitna meddelar vi dig att de m\u00e5ste bytas ut.<\/p>\n\n\n\n<p><strong>Fast kostnad \u2013 allt inkluderat<\/strong><br \/>L\u00e4mnar du in d\u00e4cken hos oss f\u00e5r du d\u00e4ckhotell med, all inklusive, till en fast s\u00e4songskostnad.<\/p>\n\n\n\n<p>S\u00e5 h\u00e4r fungerar d\u00e4ckf\u00f6rvaring hos Autoservice 1:an \u2013 f\u00f6rvaringsavtal<\/p>\n\n\n\n<p><strong>Kund<\/strong><\/p>\n\n\n\n<p>Kund \u00e4r du som \u00e4ger d\u00e4cken, f\u00e4lgarna och bilen, samt har tecknat ett avtal med Autoservice 1:an avseende d\u00e4ckf\u00f6rvaring. Kund \u00e4r \u00e4ven den som har l\u00e4mnat in d\u00e4cken\/f\u00e4lgarna, men inte \u00e4r \u00e4garen \u2013 det vill s\u00e4ga \u201dInl\u00e4mnaren\u201d.<\/p>\n\n\n\n<p><strong>F\u00f6rvaringstid<\/strong><\/p>\n\n\n\n<p>F\u00f6rvaringstiden \u00e4r max. 9 m\u00e5nader fr\u00e5n d\u00e4ckens och\/eller f\u00e4lgarnas inl\u00e4mning\/s\u00e4songskifte.<\/p>\n\n\n\n<p><strong>Autoservice 1:ans skyldigheter<\/strong><\/p>\n\n\n\n<p>Autoservice 1:an f\u00f6rvarar dina d\u00e4ck under hela F\u00f6rvaringstiden.<br \/>All f\u00f6rvaring sker fackmannam\u00e4ssigt (se d\u00e4ckbranschens Allm\u00e4nna best\u00e4mmelser avseende d\u00e4ckf\u00f6rvaring), och i enlighet med avtalets villkor.<br \/>Autoservice 1:an tv\u00e4ttar och kontrollerar d\u00e4ckdjup under f\u00f6rvaringstiden.<br \/>Autoservice 1:an f\u00f6ljer sj\u00e4lvklart konsumenttj\u00e4nstlagen (SFS 1985:716), d\u00e4r dina r\u00e4ttigheter som kund skyddas \u2013 till exempel avseende reklamationer, vad som avses med fel och skadest\u00e5nd samt avbest\u00e4llningar.<br \/>Dina personuppgifter behandlas alltid i en s\u00e4ker datamilj\u00f6. Du har n\u00e4r som helst r\u00e4tt att f\u00e5 inspektera v\u00e5ra uppgifter om dig och, vid behov, beg\u00e4ra att de \u00e4ndras. Personuppgifterna anv\u00e4nds endast av Autoservice 1:an i administrativt syfte och alltid i enlighet med personuppgiftslagen (1998:204).<\/p>\n\n\n\n<p><strong>Kundens skyldigheter<\/strong><\/p>\n\n\n\n<p>Du \u00e4r ansvarig f\u00f6r att Autoservice 1:an alltid har en aktuell adress att skicka ut kallelse f\u00f6r d\u00e4ckbyte till. Autoservice 1:an skickar allts\u00e5 endast ut kallelsen till den av kunden senast angivna adressen.<br \/>F\u00f6r att kunna \u00f6verl\u00e5ta dina r\u00e4ttigheter och skyldigheter avseende d\u00e4ckf\u00f6rvaring till n\u00e5gon annan (om du till exempel s\u00e4ljer bilen, inklusive f\u00f6rvarade d\u00e4ck), m\u00e5ste du f\u00e5 ett skriftligt medgivande fr\u00e5n Autoservice 1:an.<br \/>Som inl\u00e4mnare m\u00e5ste du tydligt ange om du inte \u00e4r \u00e4gare av d\u00e4cken\/f\u00e4lgarna vid incheckning (liksom p\u00e5 incheckningsblanketten), annars utg\u00e5r Autoservice 1:an fr\u00e5n att ni \u00e4r en och samma person och kallelsen f\u00f6r d\u00e4ckbyte kan komma att skickas till fel adress.<br \/>\u00c4ven du som kund kan enligt konsumenttj\u00e4nstlagen bli ers\u00e4ttningsskyldig gentemot Autoservice 1:an, vid till exempel avbest\u00e4llning av d\u00e4ckf\u00f6rvaring (f\u00f6r f\u00f6rlust av inkomst enligt det ing\u00e5ngna avtalet).<br \/>Om du betalar dina r\u00e4kningar f\u00f6r sent, kommer dr\u00f6jsm\u00e5lsr\u00e4nta (enligt lag) att tas ut. S\u00e4rskild avgift tas \u00e4ven ut f\u00f6r betalningsp\u00e5minnelse. \u00c4r du sen med betalningen har Autoservice 1:an r\u00e4tt att h\u00e5lla kvar d\u00e4cken tills vi har f\u00e5tt betalt, eller vid tvist om betalning, tills godtagbar s\u00e4kerhet f\u00f6r Autoservice 1:ans fordran har st\u00e4llts.<br \/>Om du inte h\u00e4mtar ut d\u00e4cken, innan f\u00f6rvaringstiden har g\u00e5tt ut, har Autoservice 1:an r\u00e4tt att s\u00e4lja dem (se SFS 1985:982).<\/p>\n\n\n\n<p><strong>Upps\u00e4gning av d\u00e4ckf\u00f6rvaringsavtal<\/strong><\/p>\n\n\n\n<p>Vill du inte l\u00e4ngre f\u00f6rvara dina d\u00e4ck\/f\u00e4lgar hos Autoservice 1:an, s\u00e4ger du upp avtalet i enlighet med f\u00f6rvaringsavtalets villkor. Skulle kunden eller Autoservice 1:an dock v\u00e4sentligt bryta mot n\u00e5got av avtalets villkor, har den andra parten r\u00e4tt att s\u00e4ga upp avtalet med omedelbar verkan.<\/p>\n\n\n\n<p><strong>F\u00f6r n\u00e4ringsidkare<\/strong><\/p>\n\n\n\n<p>Vid reklamation, v\u00e4nligen ange:<\/p>\n\n\n\n<p><strong>Vad \u00e4r felet?<\/strong><br \/><strong>N\u00e4r uppt\u00e4cktes felet?<\/strong><br \/>Reklamationer m\u00e5ste rapporteras i sk\u00e4lig tid efter det att du har uppt\u00e4ckt, eller borde ha uppt\u00e4ckt, felet \u2013 annars \u00e4r inte l\u00e4ngre Autoservice 1:an ansvarsskyldiga. Autoservice 1:ans ers\u00e4ttningsskyldighet gentemot kunden (p\u00e5 grund av skada), t\u00e4cker inte n\u00e5got fall av eventuella f\u00f6rluster i n\u00e4ringsverksamheten.<\/p>\n\n\n\n<p>\u00c4r du sen med betalning v\u00e4ntar Autoservice 1:an i minst 30 dagar efter meddelandet om h\u00e4velse, innan vi rear ut era d\u00e4ck\/f\u00e4lgar. Vi s\u00e4ljer bara den m\u00e4ngd d\u00e4ck\/f\u00e4lgar som beh\u00f6vs f\u00f6r att t\u00e4cka v\u00e5ra fordringar och f\u00f6rs\u00e4ljningskostnader. G\u00e5r det, s\u00e4ger vi till i f\u00f6rv\u00e4g hur d\u00e4cken\/f\u00e4lgarna kommer att realiseras.<\/p>\n\n\n\n<p><em><strong>Om du inte h\u00e4mtar d\u00e4cken innan f\u00f6rvaringstidens utg\u00e5ng, tillfaller de till Autoservice 1:an.<\/strong><\/em><\/p>\n","protected":false},"excerpt":{"rendered":"<p>Vi arbetar med all sorts d\u00e4ckservice f\u00f6r personbilar samt utf\u00f6r arbeten p\u00e5 verkstaden och ute p\u00e5 f\u00e4ltet. + D\u00e4ckbyte \u00a0&hellip;<\/p>\n","protected":false},"author":1,"featured_media":0,"parent":0,"menu_order":0,"comment_status":"open","ping_status":"closed","template":"","meta":{"footnotes":""},"class_list":["post-19","page","type-page","status-publish","hentry"],"_links":{"self":[{"href":"https:\/\/autoservice1.se\/index.php?rest_route=\/wp\/v2\/pages\/19","targetHints":{"allow":["GET"]}}],"collection":[{"href":"https:\/\/autoservice1.se\/index.php?rest_route=\/wp\/v2\/pages"}],"about":[{"href":"https:\/\/autoservice1.se\/index.php?rest_route=\/wp\/v2\/types\/page"}],"author":[{"embeddable":true,"href":"https:\/\/autoservice1.se\/index.php?rest_route=\/wp\/v2\/users\/1"}],"replies":[{"embeddable":true,"href":"https:\/\/autoservice1.se\/index.php?rest_route=%2Fwp%2Fv2%2Fcomments&post=19"}],"version-history":[{"count":15,"href":"https:\/\/autoservice1.se\/index.php?rest_route=\/wp\/v2\/pages\/19\/revisions"}],"predecessor-version":[{"id":197,"href":"https:\/\/autoservice1.se\/index.php?rest_route=\/wp\/v2\/pages\/19\/revisions\/197"}],"wp:attachment":[{"href":"https:\/\/autoservice1.se\/index.php?rest_route=%2Fwp%2Fv2%2Fmedia&parent=19"}],"curies":[{"name":"wp","href":"https:\/\/api.w.org\/{rel}","templated":true}]}}